{"id":1252,"date":"2025-07-15T15:16:56","date_gmt":"2025-07-15T20:16:56","guid":{"rendered":"https:\/\/terra.pmceico.com\/?post_type=product&#038;p=1252"},"modified":"2025-07-25T18:25:44","modified_gmt":"2025-07-25T23:25:44","slug":"cafe-de-especialidad-variedad-castillo","status":"publish","type":"product","link":"https:\/\/terra.pmceico.com\/en\/product\/cafe-de-especialidad-variedad-castillo\/","title":{"rendered":"Castillo Planadas"},"content":{"rendered":"<ul>\n<li>Finca el Paujil<\/li>\n<li>Caficultor: Arqu\u00edmedes Pe\u00f1a<\/li>\n<li>Origen: Planadas, Tolima \u2013 Colombia<\/li>\n<li>Altitud: 1900 &#8211; 2000 msnm<\/li>\n<li>Variedad: Castillo<\/li>\n<li>Proceso: Lavado<\/li>\n<li>Puntaje de taza: 85 puntos (SCA)<\/li>\n<li>Malla: 16\/18 Selecci\u00f3n premium para caf\u00e9 de especialidad<\/li>\n<li><strong>Perfil Sensorial:<\/strong>\n<ul>\n<li>Aroma: Chocolate, caramelo<\/li>\n<li>Sabor: Caramelo, cascara de naranja, panela, suave<\/li>\n<li>residual de frutos secos<\/li>\n<li>Acidez: Dulce, balanceada<\/li>\n<li>Cuerpo: Medio<\/li>\n<\/ul>\n<\/li>\n<li><strong>Disponibilidad y formatos:<\/strong>\n<ul>\n<li>Caf\u00e9 verde: Sacos de fique de 70 kg<\/li>\n<li>Caf\u00e9 tostado: En grano o molido<\/li>\n<li>Empaque en bolsas de aluminio con v\u00e1lvula: 1 libra (500 g) \/ media libra (250 g)<\/li>\n<\/ul>\n<\/li>\n<\/ul>","protected":false},"excerpt":{"rendered":"<p>Proceso de Lavado: 85 CSA<br \/>\nCultivado a mas de 1.900 m en la finca el Paujil nace un caf\u00e9 con alma de monta\u00f1a, de aroma dulce y sabores a caramelo, c\u00e1scara de naranja y frutos secos. Perfecto para una taza suave, dulce y balanceada. El ideal para todos los d\u00edas.<\/p>","protected":false},"featured_media":1254,"comment_status":"open","ping_status":"closed","template":"","meta":[],"product_brand":[],"product_cat":[32],"product_tag":[],"class_list":{"0":"post-1252","1":"product","2":"type-product","3":"status-publish","4":"has-post-thumbnail","6":"product_cat-castillo","8":"first","9":"instock","10":"shipping-taxable","11":"purchasable","12":"product-type-variable","13":"has-default-attributes"},"_links":{"self":[{"href":"https:\/\/terra.pmceico.com\/en\/wp-json\/wp\/v2\/product\/1252","targetHints":{"allow":["GET"]}}],"collection":[{"href":"https:\/\/terra.pmceico.com\/en\/wp-json\/wp\/v2\/product"}],"about":[{"href":"https:\/\/terra.pmceico.com\/en\/wp-json\/wp\/v2\/types\/product"}],"replies":[{"embeddable":true,"href":"https:\/\/terra.pmceico.com\/en\/wp-json\/wp\/v2\/comments?post=1252"}],"version-history":[{"count":7,"href":"https:\/\/terra.pmceico.com\/en\/wp-json\/wp\/v2\/product\/1252\/revisions"}],"predecessor-version":[{"id":1995,"href":"https:\/\/terra.pmceico.com\/en\/wp-json\/wp\/v2\/product\/1252\/revisions\/1995"}],"wp:featuredmedia":[{"embeddable":true,"href":"https:\/\/terra.pmceico.com\/en\/wp-json\/wp\/v2\/media\/1254"}],"wp:attachment":[{"href":"https:\/\/terra.pmceico.com\/en\/wp-json\/wp\/v2\/media?parent=1252"}],"wp:term":[{"taxonomy":"product_brand","embeddable":true,"href":"https:\/\/terra.pmceico.com\/en\/wp-json\/wp\/v2\/product_brand?post=1252"},{"taxonomy":"product_cat","embeddable":true,"href":"https:\/\/terra.pmceico.com\/en\/wp-json\/wp\/v2\/product_cat?post=1252"},{"taxonomy":"product_tag","embeddable":true,"href":"https:\/\/terra.pmceico.com\/en\/wp-json\/wp\/v2\/product_tag?post=1252"}],"curies":[{"name":"wp","href":"https:\/\/api.w.org\/{rel}","templated":true}]}}